{"id":1344,"date":"2019-01-29T09:33:50","date_gmt":"2019-01-29T09:33:50","guid":{"rendered":"https:\/\/themes.themeenergy.com\/bookyourtravel\/tours\/cruises-grid-layouts\/"},"modified":"2019-01-29T09:33:50","modified_gmt":"2019-01-29T09:33:50","slug":"cruises-grid-layouts","status":"publish","type":"page","link":"https:\/\/skydestinationservice.com\/index.php\/cruises\/cruises-grid-layouts\/","title":{"rendered":"Cruises grid layouts"},"content":{"rendered":"<p>\t\t\t\t[vc_row][vc_column][vc_custom_heading text=&#8221;Cruise grid layout examples&#8221; font_container=&#8221;tag:h1|text_align:left&#8221; use_theme_fonts=&#8221;yes&#8221; css=&#8221;.vc_custom_1548756549465{padding-top: 43px !important;padding-bottom: 25px !important;}&#8221;][\/vc_column][\/vc_row][vc_row][vc_column][\/vc_column][\/vc_row][vc_row][vc_column][\/vc_column][\/vc_row][vc_row][vc_column][\/vc_column][\/vc_row][vc_row][vc_column][\/vc_column][\/vc_row][vc_row][vc_column][\/vc_column][\/vc_row][vc_row][vc_column width=&#8221;2\/3&#8243; css=&#8221;.vc_custom_1548064961825{padding-right: 10px !important;}&#8221;][\/vc_column][vc_column width=&#8221;1\/3&#8243; css=&#8221;.vc_custom_1548064972265{padding-left: 10px !important;}&#8221;][\/vc_column][\/vc_row][vc_row css=&#8221;.vc_custom_1548753061483{padding-right: 5px !important;padding-bottom: 100px !important;padding-left: 5px !important;}&#8221;][vc_column width=&#8221;1\/2&#8243;][vc_row_inner][vc_column_inner width=&#8221;1\/2&#8243; css=&#8221;.vc_custom_1548070349967{padding-top: 0px !important;padding-right: 10px !important;padding-bottom: 0px !important;padding-left: 10px !important;}&#8221;]<div class=\"widget widget-sidebar \"><article data-cruise-id=\"396\" class=\"cruise_item single-card \"><div><a href=\"https:\/\/skydestinationservice.com\/?p=396\" title=\"7 Days European posh\"><figure><img loading=\"lazy\" decoding=\"async\" width=\"400\" height=\"300\" src=\"https:\/\/skydestinationservice.com\/wp-content\/uploads\/2017\/04\/hvar-400x300.jpg\" class=\"attachment-thumbnail size-thumbnail wp-post-image\" alt=\"\" title=\"hvar\" \/><\/figure><\/a><div class=\"details hide-actions hide-description hide-rating \"><div class='item-header'><h3><a href=\"https:\/\/skydestinationservice.com\/?p=396\" title=\"7 Days European posh\">7 Days European posh<\/a><\/h3>\t\t<span class=\"address\">\n\t\t\tAmalfi - Ibiza - Barcelona - Marseille - Nice - Rome \t\t<\/span>\n\t\t<\/div>\t\t<div class=\"item_price\" style=\"display:none\">\n\t\t\tFrom\t\t\t\t\t\t<span class=\"price\">\n\t\t\t\t<em>\n\t\t\t\t\t\t\t\t<span class=\"curr\"><\/span>\n\t\t\t\t<span class=\"amount\"><\/span>\n\t\t\t\t\t\t\t\t<\/em>\n\t\t\t<\/span>\n\t\t\t\t<\/div>\n\t\t<\/div><!--\/\/details--><a href=\"https:\/\/skydestinationservice.com\/?p=396\" class=\"overlay-link\"><\/a><\/div><\/article><!--\/\/cruise_item--><\/div>[\/vc_column_inner][vc_column_inner width=&#8221;1\/2&#8243; css=&#8221;.vc_custom_1548070359129{padding-top: 0px !important;padding-right: 10px !important;padding-bottom: 0px !important;padding-left: 10px !important;}&#8221;]<div class=\"widget widget-sidebar \"><article data-cruise-id=\"388\" class=\"cruise_item single-card \"><div><a href=\"https:\/\/skydestinationservice.com\/?p=388\" title=\"14 Days Greek cruise\"><figure><div class='promo-ribbon '><span>POPULAR<\/span><\/div><img loading=\"lazy\" decoding=\"async\" width=\"400\" height=\"300\" src=\"https:\/\/skydestinationservice.com\/wp-content\/uploads\/2017\/05\/cruise3-400x300.jpg\" class=\"attachment-thumbnail size-thumbnail wp-post-image\" alt=\"\" title=\"cruise3\" \/><\/figure><\/a><div class=\"details hide-actions hide-description hide-rating \"><div class='item-header'><h3><a href=\"https:\/\/skydestinationservice.com\/?p=388\" title=\"14 Days Greek cruise\">14 Days Greek cruise<\/a><\/h3>\t\t<span class=\"address\">\n\t\t\tAthens - Crete - Kos - Santorini -  Kefalonia - Corfu - Athens\t\t<\/span>\n\t\t<\/div>\t\t<div class=\"item_price\" style=\"display:none\">\n\t\t\tFrom\t\t\t\t\t\t<span class=\"price\">\n\t\t\t\t<em>\n\t\t\t\t\t\t\t\t<span class=\"curr\"><\/span>\n\t\t\t\t<span class=\"amount\"><\/span>\n\t\t\t\t\t\t\t\t<\/em>\n\t\t\t<\/span>\n\t\t\t\t<\/div>\n\t\t<\/div><!--\/\/details--><a href=\"https:\/\/skydestinationservice.com\/?p=388\" class=\"overlay-link\"><\/a><\/div><\/article><!--\/\/cruise_item--><\/div>[\/vc_column_inner][\/vc_row_inner][vc_row_inner][vc_column_inner width=&#8221;1\/2&#8243; css=&#8221;.vc_custom_1548070415815{padding-top: 0px !important;padding-right: 10px !important;padding-bottom: 0px !important;padding-left: 10px !important;}&#8221;]<div class=\"widget widget-sidebar \"><article data-cruise-id=\"390\" class=\"cruise_item single-card \"><div><a href=\"https:\/\/skydestinationservice.com\/?p=390\" title=\"4 Days Norway cruise\"><figure><img loading=\"lazy\" decoding=\"async\" width=\"400\" height=\"300\" src=\"https:\/\/skydestinationservice.com\/wp-content\/uploads\/2017\/05\/hero-norway-400x300.jpg\" class=\"attachment-thumbnail size-thumbnail wp-post-image\" alt=\"\" title=\"hero-norway\" \/><\/figure><\/a><div class=\"details hide-actions hide-description hide-rating \"><div class='item-header'><h3><a href=\"https:\/\/skydestinationservice.com\/?p=390\" title=\"4 Days Norway cruise\">4 Days Norway cruise<\/a><\/h3>\t\t<span class=\"address\">\n\t\t\tGeiranger - \u00c5lesund - Nordkapp - Fl\u00e5m - Troms\u00f8 - Geiranger\t\t<\/span>\n\t\t<\/div>\t\t<div class=\"item_price\" style=\"display:none\">\n\t\t\tFrom\t\t\t\t\t\t<span class=\"price\">\n\t\t\t\t<em>\n\t\t\t\t\t\t\t\t<span class=\"curr\"><\/span>\n\t\t\t\t<span class=\"amount\"><\/span>\n\t\t\t\t\t\t\t\t<\/em>\n\t\t\t<\/span>\n\t\t\t\t<\/div>\n\t\t<\/div><!--\/\/details--><a href=\"https:\/\/skydestinationservice.com\/?p=390\" class=\"overlay-link\"><\/a><\/div><\/article><!--\/\/cruise_item--><\/div>[\/vc_column_inner][vc_column_inner width=&#8221;1\/2&#8243; css=&#8221;.vc_custom_1548070569861{padding-top: 0px !important;padding-right: 10px !important;padding-bottom: 0px !important;padding-left: 10px !important;}&#8221;]<div class=\"widget widget-sidebar \"><article data-cruise-id=\"394\" class=\"cruise_item single-card \"><div><a href=\"https:\/\/skydestinationservice.com\/?p=394\" title=\"14 Days Turkey &#038; Greece\"><figure><img loading=\"lazy\" decoding=\"async\" width=\"400\" height=\"300\" src=\"https:\/\/skydestinationservice.com\/wp-content\/uploads\/2017\/05\/cruise3-400x300.jpg\" class=\"attachment-thumbnail size-thumbnail wp-post-image\" alt=\"\" title=\"cruise3\" \/><\/figure><\/a><div class=\"details hide-actions hide-description hide-rating \"><div class='item-header'><h3><a href=\"https:\/\/skydestinationservice.com\/?p=394\" title=\"14 Days Turkey &#038; Greece\">14 Days Turkey &#038; Greece<\/a><\/h3>\t\t<span class=\"address\">\n\t\t\tAlanya - Bodrum - Izmir - Crete - Athens - Chios - Alanya\t\t<\/span>\n\t\t<\/div>\t\t<div class=\"item_price\" style=\"display:none\">\n\t\t\tFrom\t\t\t\t\t\t<span class=\"price\">\n\t\t\t\t<em>\n\t\t\t\t\t\t\t\t<span class=\"curr\"><\/span>\n\t\t\t\t<span class=\"amount\"><\/span>\n\t\t\t\t\t\t\t\t<\/em>\n\t\t\t<\/span>\n\t\t\t\t<\/div>\n\t\t<\/div><!--\/\/details--><a href=\"https:\/\/skydestinationservice.com\/?p=394\" class=\"overlay-link\"><\/a><\/div><\/article><!--\/\/cruise_item--><\/div>[\/vc_column_inner][\/vc_row_inner][\/vc_column][vc_column width=&#8221;1\/2&#8243; css=&#8221;.vc_custom_1548073142716{padding-top: 0px !important;padding-right: 10px !important;padding-bottom: 0px !important;padding-left: 10px !important;}&#8221;]<div class=\"widget widget-sidebar \"><article data-cruise-id=\"392\" class=\"cruise_item single-card \"><div><a href=\"https:\/\/skydestinationservice.com\/?p=392\" title=\"21 Days North &#038; Baltic sea\"><figure><img loading=\"lazy\" decoding=\"async\" width=\"400\" height=\"300\" src=\"https:\/\/skydestinationservice.com\/wp-content\/uploads\/2017\/05\/cruise5-400x300.jpg\" class=\"attachment-thumbnail size-thumbnail wp-post-image\" alt=\"\" title=\"cruise5\" \/><\/figure><\/a><div class=\"details hide-actions hide-description hide-rating \"><div class='item-header'><h3><a href=\"https:\/\/skydestinationservice.com\/?p=392\" title=\"21 Days North &#038; Baltic sea\">21 Days North &#038; Baltic sea<\/a><\/h3>\t\t<span class=\"address\">\n\t\t\tMalm\u00f6 - Stockholm - Groningen - The Hague - Amsterdam\t\t<\/span>\n\t\t<\/div>\t\t<div class=\"item_price\" style=\"display:none\">\n\t\t\tFrom\t\t\t\t\t\t<span class=\"price\">\n\t\t\t\t<em>\n\t\t\t\t\t\t\t\t<span class=\"curr\"><\/span>\n\t\t\t\t<span class=\"amount\"><\/span>\n\t\t\t\t\t\t\t\t<\/em>\n\t\t\t<\/span>\n\t\t\t\t<\/div>\n\t\t<\/div><!--\/\/details--><a href=\"https:\/\/skydestinationservice.com\/?p=392\" class=\"overlay-link\"><\/a><\/div><\/article><!--\/\/cruise_item--><\/div>[\/vc_column][\/vc_row]\t\t<\/p>\n","protected":false},"excerpt":{"rendered":"<p>[vc_row][vc_column][vc_custom_heading text=&#8221;Cruise grid layout examples&#8221; font_container=&#8221;tag:h1|text_align:left&#8221; use_theme_fonts=&#8221;yes&#8221; css=&#8221;.vc_custom_1548756549465{padding-top: 43px !important;padding-bottom: 25px !important;}&#8221;][\/vc_column][\/vc_row][vc_row][vc_column][\/vc_column][\/vc_row][vc_row][vc_column][\/vc_column][\/vc_row][vc_row][vc_column][\/vc_column][\/vc_row][vc_row][vc_column][\/vc_column][\/vc_row][vc_row][vc_column][\/vc_column][\/vc_row][vc_row][vc_column width=&#8221;2\/3&#8243; css=&#8221;.vc_custom_1548064961825{padding-right: 10px !important;}&#8221;][\/vc_column][vc_column width=&#8221;1\/3&#8243; css=&#8221;.vc_custom_1548064972265{padding-left: 10px !important;}&#8221;][\/vc_column][\/vc_row][vc_row css=&#8221;.vc_custom_1548753061483{padding-right: 5px !important;padding-bottom: 100px !important;padding-left: 5px !important;}&#8221;][vc_column width=&#8221;1\/2&#8243;][vc_row_inner][vc_column_inner width=&#8221;1\/2&#8243; css=&#8221;.vc_custom_1548070349967{padding-top: 0px !important;padding-right: 10px !important;padding-bottom: 0px !important;padding-left: 10px !important;}&#8221;][\/vc_column_inner][vc_column_inner width=&#8221;1\/2&#8243; css=&#8221;.vc_custom_1548070359129{padding-top: 0px !important;padding-right: 10px !important;padding-bottom: 0px !important;padding-left: 10px !important;}&#8221;][\/vc_column_inner][\/vc_row_inner][vc_row_inner][vc_column_inner width=&#8221;1\/2&#8243; css=&#8221;.vc_custom_1548070415815{padding-top: 0px !important;padding-right: 10px !important;padding-bottom: 0px [&hellip;]<\/p>\n","protected":false},"author":1,"featured_media":0,"parent":359,"menu_order":0,"comment_status":"closed","ping_status":"closed","template":"page-blank.php","meta":{"om_disable_all_campaigns":false,"_monsterinsights_skip_tracking":false,"_monsterinsights_sitenote_active":false,"_monsterinsights_sitenote_note":"","_monsterinsights_sitenote_category":0,"footnotes":""},"class_list":["post-1344","page","type-page","status-publish","hentry"],"_links":{"self":[{"href":"https:\/\/skydestinationservice.com\/index.php\/wp-json\/wp\/v2\/pages\/1344","targetHints":{"allow":["GET"]}}],"collection":[{"href":"https:\/\/skydestinationservice.com\/index.php\/wp-json\/wp\/v2\/pages"}],"about":[{"href":"https:\/\/skydestinationservice.com\/index.php\/wp-json\/wp\/v2\/types\/page"}],"author":[{"embeddable":true,"href":"https:\/\/skydestinationservice.com\/index.php\/wp-json\/wp\/v2\/users\/1"}],"replies":[{"embeddable":true,"href":"https:\/\/skydestinationservice.com\/index.php\/wp-json\/wp\/v2\/comments?post=1344"}],"version-history":[{"count":0,"href":"https:\/\/skydestinationservice.com\/index.php\/wp-json\/wp\/v2\/pages\/1344\/revisions"}],"up":[{"embeddable":true,"href":"https:\/\/skydestinationservice.com\/index.php\/wp-json\/wp\/v2\/pages\/359"}],"wp:attachment":[{"href":"https:\/\/skydestinationservice.com\/index.php\/wp-json\/wp\/v2\/media?parent=1344"}],"curies":[{"name":"wp","href":"https:\/\/api.w.org\/{rel}","templated":true}]}}